
{"id":541,"date":"2025-03-19T09:33:40","date_gmt":"2025-03-19T08:33:40","guid":{"rendered":"https:\/\/cavingthejungle.com\/about\/"},"modified":"2025-06-17T18:09:41","modified_gmt":"2025-06-17T16:09:41","slug":"about-me","status":"publish","type":"page","link":"https:\/\/cavingthejungle.com\/es\/about-me\/","title":{"rendered":"SOBRE MI"},"content":{"rendered":"<div data-elementor-type=\"wp-post\" data-elementor-id=\"541\" class=\"elementor elementor-541\" data-elementor-post-type=\"page\">\n\t\t\t\t<div class=\"elementor-element elementor-element-ff6380e e-flex e-con-boxed e-con e-parent\" data-id=\"ff6380e\" data-element_type=\"container\" data-e-type=\"container\" data-settings=\"{&quot;background_background&quot;:&quot;classic&quot;}\">\n\t\t\t\t\t<div class=\"e-con-inner\">\n\t\t<div class=\"elementor-element elementor-element-d12defe e-con-full e-flex e-con e-child\" data-id=\"d12defe\" data-element_type=\"container\" data-e-type=\"container\">\n\t\t\t\t<\/div>\n\t\t\t\t<div class=\"elementor-element elementor-element-d411aae elementor-mobile-align-right elementor-fixed elementor-hidden-desktop elementor-hidden-tablet btn-circular-transparente elementor-widget elementor-widget-button\" data-id=\"d411aae\" data-element_type=\"widget\" data-e-type=\"widget\" data-settings=\"{&quot;_position&quot;:&quot;fixed&quot;}\" data-widget_type=\"button.default\">\n\t\t\t\t<div class=\"elementor-widget-container\">\n\t\t\t\t\t\t\t\t\t<div class=\"elementor-button-wrapper\">\n\t\t\t\t\t<a class=\"elementor-button elementor-button-link elementor-size-sm\" href=\"#top\">\n\t\t\t\t\t\t<span class=\"elementor-button-content-wrapper\">\n\t\t\t\t\t\t<span class=\"elementor-button-icon\">\n\t\t\t\t<svg aria-hidden=\"true\" class=\"e-font-icon-svg e-fas-arrow-up\" viewbox=\"0 0 448 512\" xmlns=\"http:\/\/www.w3.org\/2000\/svg\"><path d=\"M34.9 289.5l-22.2-22.2c-9.4-9.4-9.4-24.6 0-33.9L207 39c9.4-9.4 24.6-9.4 33.9 0l194.3 194.3c9.4 9.4 9.4 24.6 0 33.9L413 289.4c-9.5 9.5-25 9.3-34.3-.4L264 168.6V456c0 13.3-10.7 24-24 24h-32c-13.3 0-24-10.7-24-24V168.6L69.2 289.1c-9.3 9.8-24.8 10-34.3.4z\"><\/path><\/svg>\t\t\t<\/span>\n\t\t\t\t\t\t\t\t<\/span>\n\t\t\t\t\t<\/a>\n\t\t\t\t<\/div>\n\t\t\t\t\t\t\t\t<\/div>\n\t\t\t\t<\/div>\n\t\t\t\t\t<\/div>\n\t\t\t\t<\/div>\n\t\t<div class=\"elementor-element elementor-element-1bc805c e-flex e-con-boxed e-con e-parent\" data-id=\"1bc805c\" data-element_type=\"container\" data-e-type=\"container\">\n\t\t\t\t\t<div class=\"e-con-inner\">\n\t\t\t\t<div class=\"elementor-element elementor-element-d284451 elementor-widget elementor-widget-heading\" data-id=\"d284451\" data-element_type=\"widget\" data-e-type=\"widget\" data-widget_type=\"heading.default\">\n\t\t\t\t<div class=\"elementor-widget-container\">\n\t\t\t\t\t<h1 class=\"elementor-heading-title elementor-size-default\">SOBRE MI<\/h1>\t\t\t\t<\/div>\n\t\t\t\t<\/div>\n\t\t\t\t\t<\/div>\n\t\t\t\t<\/div>\n\t\t<div class=\"elementor-element elementor-element-c036631 e-flex e-con-boxed e-con e-parent\" data-id=\"c036631\" data-element_type=\"container\" data-e-type=\"container\">\n\t\t\t\t\t<div class=\"e-con-inner\">\n\t\t\t\t<div class=\"elementor-element elementor-element-153380a elementor-widget elementor-widget-image\" data-id=\"153380a\" data-element_type=\"widget\" data-e-type=\"widget\" data-widget_type=\"image.default\">\n\t\t\t\t<div class=\"elementor-widget-container\">\n\t\t\t\t\t\t\t\t\t\t\t\t\t\t\t<img fetchpriority=\"high\" decoding=\"async\" width=\"512\" height=\"512\" src=\"https:\/\/cavingthejungle.com\/wp-content\/uploads\/2025\/05\/cropped-Caving_the_jungle_logo-1.png\" class=\"attachment-large size-large wp-image-2162\" alt=\"Logo de Caving the jungle\" srcset=\"https:\/\/cavingthejungle.com\/wp-content\/uploads\/2025\/05\/cropped-Caving_the_jungle_logo-1.png 512w, https:\/\/cavingthejungle.com\/wp-content\/uploads\/2025\/05\/cropped-Caving_the_jungle_logo-1-300x300.png 300w, https:\/\/cavingthejungle.com\/wp-content\/uploads\/2025\/05\/cropped-Caving_the_jungle_logo-1-150x150.png 150w, https:\/\/cavingthejungle.com\/wp-content\/uploads\/2025\/05\/cropped-Caving_the_jungle_logo-1-12x12.png 12w, https:\/\/cavingthejungle.com\/wp-content\/uploads\/2025\/05\/cropped-Caving_the_jungle_logo-1-270x270.png 270w, https:\/\/cavingthejungle.com\/wp-content\/uploads\/2025\/05\/cropped-Caving_the_jungle_logo-1-192x192.png 192w, https:\/\/cavingthejungle.com\/wp-content\/uploads\/2025\/05\/cropped-Caving_the_jungle_logo-1-180x180.png 180w, https:\/\/cavingthejungle.com\/wp-content\/uploads\/2025\/05\/cropped-Caving_the_jungle_logo-1-32x32.png 32w\" sizes=\"(max-width: 512px) 100vw, 512px\" \/>\t\t\t\t\t\t\t\t\t\t\t\t\t\t\t<\/div>\n\t\t\t\t<\/div>\n\t\t\t\t\t<\/div>\n\t\t\t\t<\/div>\n\t\t<div class=\"elementor-element elementor-element-b1630a8 e-flex e-con-boxed e-con e-parent\" data-id=\"b1630a8\" data-element_type=\"container\" data-e-type=\"container\">\n\t\t\t\t\t<div class=\"e-con-inner\">\n\t\t\t\t<div class=\"elementor-element elementor-element-3eaed29 elementor-widget-divider--view-line elementor-widget elementor-widget-divider\" data-id=\"3eaed29\" data-element_type=\"widget\" data-e-type=\"widget\" data-widget_type=\"divider.default\">\n\t\t\t\t<div class=\"elementor-widget-container\">\n\t\t\t\t\t\t\t<div class=\"elementor-divider\">\n\t\t\t<span class=\"elementor-divider-separator\">\n\t\t\t\t\t\t<\/span>\n\t\t<\/div>\n\t\t\t\t\t\t<\/div>\n\t\t\t\t<\/div>\n\t\t\t\t\t<\/div>\n\t\t\t\t<\/div>\n\t\t<div class=\"elementor-element elementor-element-781cf4e e-flex e-con-boxed e-con e-parent\" data-id=\"781cf4e\" data-element_type=\"container\" data-e-type=\"container\">\n\t\t\t\t\t<div class=\"e-con-inner\">\n\t\t\t\t<div class=\"elementor-element elementor-element-12d65da elementor-widget elementor-widget-text-editor\" data-id=\"12d65da\" data-element_type=\"widget\" data-e-type=\"widget\" data-widget_type=\"text-editor.default\">\n\t\t\t\t<div class=\"elementor-widget-container\">\n\t\t\t\t\t\t\t\t\t<p>TRABAJANDO DURO. MEJORANDO CONSTANTEMENTE<\/p>\t\t\t\t\t\t\t\t<\/div>\n\t\t\t\t<\/div>\n\t\t\t\t\t<\/div>\n\t\t\t\t<\/div>\n\t\t<div class=\"elementor-element elementor-element-ce23579 e-flex e-con-boxed e-con e-parent\" data-id=\"ce23579\" data-element_type=\"container\" data-e-type=\"container\">\n\t\t\t\t\t<div class=\"e-con-inner\">\n\t\t<div class=\"elementor-element elementor-element-89a7aec e-con-full e-flex e-con e-child\" data-id=\"89a7aec\" data-element_type=\"container\" data-e-type=\"container\">\n\t\t\t\t<div class=\"elementor-element elementor-element-e871351 elementor-widget elementor-widget-text-editor\" data-id=\"e871351\" data-element_type=\"widget\" data-e-type=\"widget\" data-widget_type=\"text-editor.default\">\n\t\t\t\t<div class=\"elementor-widget-container\">\n\t\t\t\t\t\t\t\t\t<p>Me llamo Borja Garc\u00eda, soy el director de Caving The Jungle, me esfuerzo por brindarte un servicio superior y personalizado. Nuestra raz\u00f3n de ser es ver a los buzos felices y satisfechos. Eso significa que hemos hecho nuestro trabajo bien.<\/p><p>Desde que fund\u00e9 Caving The Jungle, he definido claramente los objetivos: seguridad, diversi\u00f3n y excelencia en los servicios. Esto es mi sello de identidad.<\/p><p>Todo comienza con la pasi\u00f3n por el buceo y la motivaci\u00f3n de aprender de grandes profesionales, que me ayudaron a transmitir conocimientos y me dieron una perspectiva alejada de la visi\u00f3n estrictamente comercial, m\u00e1s que un negocio es una forma de vida, donde compartir el conocimiento de tantos a\u00f1os es el objetivo principal.<\/p><p>El virus comienza en Espa\u00f1a, donde las burbujas y los entrenamientos llenan el tiempo disponible siempre rodeado de grandes mentores y amigos. Despu\u00e9s de bucear por diferentes partes de la geograf\u00eda espa\u00f1ola, es hora de dar otro paso con el traslado a Tailandia, donde seguir aprendiendo de grandes profesionales y empezar a compartir el conocimiento adquirido durante horas de trabajo duro. Quiz\u00e1s la mejor experiencia fueran los meses pasados en las aguas del Mar de Andam\u00e1n entre Tailandia y Birmania, haciendo realidad el sue\u00f1o de vivir a bordo y explorar \u00e1reas que pocos buzos hab\u00edan alcanzado, fue sin duda un tiempo de crecimiento y experimentaci\u00f3n de todo el conocimiento acumulado hasta entonces y marc\u00f3 un antes y un despu\u00e9s.<\/p>\t\t\t\t\t\t\t\t<\/div>\n\t\t\t\t<\/div>\n\t\t\t\t<\/div>\n\t\t<div class=\"elementor-element elementor-element-e8e4600 e-con-full e-flex e-con e-child\" data-id=\"e8e4600\" data-element_type=\"container\" data-e-type=\"container\">\n\t\t\t\t<div class=\"elementor-element elementor-element-6060d91 elementor-widget elementor-widget-image\" data-id=\"6060d91\" data-element_type=\"widget\" data-e-type=\"widget\" data-widget_type=\"image.default\">\n\t\t\t\t<div class=\"elementor-widget-container\">\n\t\t\t\t\t\t\t\t\t\t\t\t<figure class=\"wp-caption\">\n\t\t\t\t\t\t\t\t\t\t<img decoding=\"async\" width=\"864\" height=\"1152\" src=\"https:\/\/cavingthejungle.com\/wp-content\/uploads\/2025\/03\/IMG-20221013-WA0010.jpg\" class=\"attachment-full size-full wp-image-1255\" alt=\"\" srcset=\"https:\/\/cavingthejungle.com\/wp-content\/uploads\/2025\/03\/IMG-20221013-WA0010.jpg 864w, https:\/\/cavingthejungle.com\/wp-content\/uploads\/2025\/03\/IMG-20221013-WA0010-225x300.jpg 225w, https:\/\/cavingthejungle.com\/wp-content\/uploads\/2025\/03\/IMG-20221013-WA0010-768x1024.jpg 768w\" sizes=\"(max-width: 864px) 100vw, 864px\" \/>\t\t\t\t\t\t\t\t\t\t\t<figcaption class=\"widget-image-caption wp-caption-text\">\u00a1Ese d\u00eda est\u00e1bamos buceando desde Crystal hasta Mayan Blue, y todos esos tanques eran solo para dos personas! \u00bfEst\u00e1s listo para ello? \u00a1Vamos a hacerlo juntos!<\/figcaption>\n\t\t\t\t\t\t\t\t\t\t<\/figure>\n\t\t\t\t\t\t\t\t\t<\/div>\n\t\t\t\t<\/div>\n\t\t\t\t<\/div>\n\t\t\t\t\t<\/div>\n\t\t\t\t<\/div>\n\t\t<div class=\"elementor-element elementor-element-8195a0d e-flex e-con-boxed e-con e-parent\" data-id=\"8195a0d\" data-element_type=\"container\" data-e-type=\"container\">\n\t\t\t\t\t<div class=\"e-con-inner\">\n\t\t<div class=\"elementor-element elementor-element-c48d12f e-con-full e-flex e-con e-child\" data-id=\"c48d12f\" data-element_type=\"container\" data-e-type=\"container\">\n\t\t\t\t<div class=\"elementor-element elementor-element-491f841 elementor-widget elementor-widget-heading\" data-id=\"491f841\" data-element_type=\"widget\" data-e-type=\"widget\" data-widget_type=\"heading.default\">\n\t\t\t\t<div class=\"elementor-widget-container\">\n\t\t\t\t\t<h4 class=\"elementor-heading-title elementor-size-default\">Experiencias \u00danicas e Inolvidables<\/h4>\t\t\t\t<\/div>\n\t\t\t\t<\/div>\n\t\t\t\t<div class=\"elementor-element elementor-element-7beb61e elementor-widget-divider--view-line elementor-widget elementor-widget-divider\" data-id=\"7beb61e\" data-element_type=\"widget\" data-e-type=\"widget\" data-widget_type=\"divider.default\">\n\t\t\t\t<div class=\"elementor-widget-container\">\n\t\t\t\t\t\t\t<div class=\"elementor-divider\">\n\t\t\t<span class=\"elementor-divider-separator\">\n\t\t\t\t\t\t<\/span>\n\t\t<\/div>\n\t\t\t\t\t\t<\/div>\n\t\t\t\t<\/div>\n\t\t\t\t<div class=\"elementor-element elementor-element-c5cd51e elementor-widget elementor-widget-text-editor\" data-id=\"c5cd51e\" data-element_type=\"widget\" data-e-type=\"widget\" data-widget_type=\"text-editor.default\">\n\t\t\t\t<div class=\"elementor-widget-container\">\n\t\t\t\t\t\t\t\t\t<p class=\"font_8 wixui-rich-text__text\"><span class=\"wixui-rich-text__text\">Luego lleg\u00f3 el momento de nuevos desaf\u00edos, un nuevo lugar y nuevas condiciones en las que seguir adelante con el objetivo de ser un mejor buzo. Indonesia y su gran diversidad en condiciones y topograf\u00eda fue otro paso adelante y un avance significativo en \u00e1reas como el buceo en corrientes y el buceo en profundidad. Pude explorar lugares como Raja Ampat, Komodo, Lembeh, Penida\u2026 Sin duda, una gran decisi\u00f3n, el tiempo que pas\u00e9 en las aguas del Oc\u00e9ano \u00cdndico y del Pac\u00edfico fue una experiencia incre\u00edble.<\/span><\/p><p class=\"font_8 wixui-rich-text__text\"><span class=\"wixui-rich-text__text\">\u200b<\/span><\/p><p class=\"font_8 wixui-rich-text__text\"><span class=\"wixui-rich-text__text\">Despu\u00e9s de varios a\u00f1os recorriendo las aguas del Sudeste Asi\u00e1tico, hab\u00eda llegado el momento de cambiar de rumbo y seguir disfrutando m\u00e1s cerca de casa. La formaci\u00f3n continua en buceo t\u00e9cnico, mezclas de gases, etapas, scooters... me dio la posibilidad de dar el paso despu\u00e9s de muchos a\u00f1os de espera y preparaci\u00f3n, hab\u00eda llegado el momento de empezar a bucear en cuevas y cumplir con otro de los grandes sue\u00f1os y desaf\u00edos.<\/span><\/p>\t\t\t\t\t\t\t\t<\/div>\n\t\t\t\t<\/div>\n\t\t\t\t<\/div>\n\t\t<div class=\"elementor-element elementor-element-d47d4cd e-con-full e-flex e-con e-child\" data-id=\"d47d4cd\" data-element_type=\"container\" data-e-type=\"container\">\n\t\t\t\t<div class=\"elementor-element elementor-element-ae16dd8 elementor-widget-divider--view-line elementor-widget elementor-widget-divider\" data-id=\"ae16dd8\" data-element_type=\"widget\" data-e-type=\"widget\" data-widget_type=\"divider.default\">\n\t\t\t\t<div class=\"elementor-widget-container\">\n\t\t\t\t\t\t\t<div class=\"elementor-divider\">\n\t\t\t<span class=\"elementor-divider-separator\">\n\t\t\t\t\t\t<\/span>\n\t\t<\/div>\n\t\t\t\t\t\t<\/div>\n\t\t\t\t<\/div>\n\t\t\t\t<div class=\"elementor-element elementor-element-8c4a333 elementor-widget elementor-widget-text-editor\" data-id=\"8c4a333\" data-element_type=\"widget\" data-e-type=\"widget\" data-widget_type=\"text-editor.default\">\n\t\t\t\t<div class=\"elementor-widget-container\">\n\t\t\t\t\t\t\t\t\t<p>Despu\u00e9s de varios a\u00f1os recorriendo las aguas del Sudeste Asi\u00e1tico, hab\u00eda llegado el momento de cambiar de rumbo y seguir disfrutando m\u00e1s cerca de casa. La formaci\u00f3n continua en buceo t\u00e9cnico, mezclas de gases, etapas, scooters... me dio la posibilidad de dar el paso despu\u00e9s de muchos a\u00f1os de espera y preparaci\u00f3n, hab\u00eda llegado el momento de empezar a bucear en cuevas y cumplir con otro de los grandes sue\u00f1os y desaf\u00edos.<\/p><p class=\"font_8 wixui-rich-text__text\"><span class=\"wixui-rich-text__text\">Despu\u00e9s de la formaci\u00f3n en buceo en cuevas, la elecci\u00f3n fue muy f\u00e1cil, no hay mejor lugar que Quintana Roo para disfrutar del buceo en cuevas, acumular experiencia, formaci\u00f3n y rodearse de grandes profesionales para seguir aprendiendo y perfeccionando detalles en busca de la perfecci\u00f3n. Muchas horas acumuladas bajo tierra, d\u00edas en la jungla, estudio del entorno me llevaron a este momento, compartir toda la experiencia bajo el agua y especialmente en las maravillosas cuevas de Quintana Roo es el objetivo de Caving The Jungle, innumerables pasillos para ofrecer la mejor experiencia a los buzos que desean descubrir todos los secretos que guarda la roca caliza, una experiencia construida por buzos para buzos, donde la seguridad, la compa\u00f1\u00eda y la diversi\u00f3n son nuestras se\u00f1as de identidad.<\/span><\/p><p class=\"font_8 wixui-rich-text__text\"><span class=\"wixui-rich-text__text\"><b>Espero con emoci\u00f3n compartir esta experiencia impresionante contigo.<\/b><\/span><\/p>\t\t\t\t\t\t\t\t<\/div>\n\t\t\t\t<\/div>\n\t\t\t\t<div class=\"elementor-element elementor-element-0179544 elementor-icon-list--layout-traditional elementor-list-item-link-full_width elementor-widget elementor-widget-icon-list\" data-id=\"0179544\" data-element_type=\"widget\" data-e-type=\"widget\" data-widget_type=\"icon-list.default\">\n\t\t\t\t<div class=\"elementor-widget-container\">\n\t\t\t\t\t\t\t<ul class=\"elementor-icon-list-items\">\n\t\t\t\t\t\t\t<li class=\"elementor-icon-list-item\">\n\t\t\t\t\t\t\t\t\t\t\t<span class=\"elementor-icon-list-icon\">\n\t\t\t\t\t\t\t<svg aria-hidden=\"true\" class=\"e-font-icon-svg e-fas-minus\" viewbox=\"0 0 448 512\" xmlns=\"http:\/\/www.w3.org\/2000\/svg\"><path d=\"M416 208H32c-17.67 0-32 14.33-32 32v32c0 17.67 14.33 32 32 32h384c17.67 0 32-14.33 32-32v-32c0-17.67-14.33-32-32-32z\"><\/path><\/svg>\t\t\t\t\t\t<\/span>\n\t\t\t\t\t\t\t\t\t\t<span class=\"elementor-icon-list-text\"><\/span>\n\t\t\t\t\t\t\t\t\t<\/li>\n\t\t\t\t\t\t<\/ul>\n\t\t\t\t\t\t<\/div>\n\t\t\t\t<\/div>\n\t\t\t\t<\/div>\n\t\t\t\t\t<\/div>\n\t\t\t\t<\/div>\n\t\t\t\t<\/div>","protected":false},"excerpt":{"rendered":"<p>ABOUT ME WORKING HARD. BECOMING BETTER My name is Borja Garc\u00eda, the head of Caving The Jungle, I strive to provide you with superior, personalized service. The reason for being is to see happy and satisfied divers. It means that I have done our job well. Since I founded Caving The Jungle, I have defined [&hellip;]<\/p>\n","protected":false},"author":2,"featured_media":0,"parent":0,"menu_order":0,"comment_status":"closed","ping_status":"closed","template":"","meta":{"site-sidebar-layout":"no-sidebar","site-content-layout":"page-builder","ast-site-content-layout":"full-width-container","site-content-style":"unboxed","site-sidebar-style":"unboxed","ast-global-header-display":"","ast-banner-title-visibility":"","ast-main-header-display":"","ast-hfb-above-header-display":"","ast-hfb-below-header-display":"","ast-hfb-mobile-header-display":"","site-post-title":"disabled","ast-breadcrumbs-content":"","ast-featured-img":"disabled","footer-sml-layout":"","ast-disable-related-posts":"","theme-transparent-header-meta":"enabled","adv-header-id-meta":"","stick-header-meta":"","header-above-stick-meta":"","header-main-stick-meta":"","header-below-stick-meta":"","astra-migrate-meta-layouts":"set","ast-page-background-enabled":"default","ast-page-background-meta":{"desktop":{"background-color":"","background-image":"","background-repeat":"repeat","background-position":"center center","background-size":"auto","background-attachment":"scroll","background-type":"","background-media":"","overlay-type":"","overlay-color":"","overlay-opacity":"","overlay-gradient":""},"tablet":{"background-color":"","background-image":"","background-repeat":"repeat","background-position":"center center","background-size":"auto","background-attachment":"scroll","background-type":"","background-media":"","overlay-type":"","overlay-color":"","overlay-opacity":"","overlay-gradient":""},"mobile":{"background-color":"","background-image":"","background-repeat":"repeat","background-position":"center center","background-size":"auto","background-attachment":"scroll","background-type":"","background-media":"","overlay-type":"","overlay-color":"","overlay-opacity":"","overlay-gradient":""}},"ast-content-background-meta":{"desktop":{"background-color":"var(--ast-global-color-5)","background-image":"","background-repeat":"repeat","background-position":"center center","background-size":"auto","background-attachment":"scroll","background-type":"","background-media":"","overlay-type":"","overlay-color":"","overlay-opacity":"","overlay-gradient":""},"tablet":{"background-color":"var(--ast-global-color-5)","background-image":"","background-repeat":"repeat","background-position":"center center","background-size":"auto","background-attachment":"scroll","background-type":"","background-media":"","overlay-type":"","overlay-color":"","overlay-opacity":"","overlay-gradient":""},"mobile":{"background-color":"var(--ast-global-color-5)","background-image":"","background-repeat":"repeat","background-position":"center center","background-size":"auto","background-attachment":"scroll","background-type":"","background-media":"","overlay-type":"","overlay-color":"","overlay-opacity":"","overlay-gradient":""}},"footnotes":""},"class_list":["post-541","page","type-page","status-publish","hentry"],"yoast_head":"<!-- This site is optimized with the Yoast SEO plugin v25.6 - https:\/\/yoast.com\/wordpress\/plugins\/seo\/ -->\n<title>ABOUT ME -<\/title>\n<meta name=\"robots\" content=\"index, follow, max-snippet:-1, max-image-preview:large, max-video-preview:-1\" \/>\n<link rel=\"canonical\" href=\"https:\/\/cavingthejungle.com\/es\/about-me\/\" \/>\n<meta property=\"og:locale\" content=\"es_ES\" \/>\n<meta property=\"og:type\" content=\"article\" \/>\n<meta property=\"og:title\" content=\"ABOUT ME -\" \/>\n<meta property=\"og:description\" content=\"ABOUT ME WORKING HARD. BECOMING BETTER My name is Borja Garc\u00eda, the head of Caving The Jungle, I strive to provide you with superior, personalized service. The reason for being is to see happy and satisfied divers. It means that I have done our job well. Since I founded Caving The Jungle, I have defined [&hellip;]\" \/>\n<meta property=\"og:url\" content=\"https:\/\/cavingthejungle.com\/es\/about-me\/\" \/>\n<meta property=\"article:modified_time\" content=\"2025-06-17T16:09:41+00:00\" \/>\n<meta property=\"og:image\" content=\"https:\/\/cavingthejungle.com\/wp-content\/uploads\/2025\/05\/cropped-Caving_the_jungle_logo-1.png\" \/>\n\t<meta property=\"og:image:width\" content=\"512\" \/>\n\t<meta property=\"og:image:height\" content=\"512\" \/>\n\t<meta property=\"og:image:type\" content=\"image\/png\" \/>\n<meta name=\"twitter:card\" content=\"summary_large_image\" \/>\n<meta name=\"twitter:label1\" content=\"Tiempo de lectura\" \/>\n\t<meta name=\"twitter:data1\" content=\"4 minutos\" \/>\n<script type=\"application\/ld+json\" class=\"yoast-schema-graph\">{\"@context\":\"https:\/\/schema.org\",\"@graph\":[{\"@type\":\"WebPage\",\"@id\":\"https:\/\/cavingthejungle.com\/en\/about-me\/\",\"url\":\"https:\/\/cavingthejungle.com\/en\/about-me\/\",\"name\":\"ABOUT ME -\",\"isPartOf\":{\"@id\":\"https:\/\/cavingthejungle.com\/#website\"},\"primaryImageOfPage\":{\"@id\":\"https:\/\/cavingthejungle.com\/en\/about-me\/#primaryimage\"},\"image\":{\"@id\":\"https:\/\/cavingthejungle.com\/en\/about-me\/#primaryimage\"},\"thumbnailUrl\":\"https:\/\/cavingthejungle.com\/wp-content\/uploads\/2025\/05\/cropped-Caving_the_jungle_logo-1.png\",\"datePublished\":\"2025-03-19T08:33:40+00:00\",\"dateModified\":\"2025-06-17T16:09:41+00:00\",\"breadcrumb\":{\"@id\":\"https:\/\/cavingthejungle.com\/en\/about-me\/#breadcrumb\"},\"inLanguage\":\"es\",\"potentialAction\":[{\"@type\":\"ReadAction\",\"target\":[\"https:\/\/cavingthejungle.com\/en\/about-me\/\"]}]},{\"@type\":\"ImageObject\",\"inLanguage\":\"es\",\"@id\":\"https:\/\/cavingthejungle.com\/en\/about-me\/#primaryimage\",\"url\":\"https:\/\/cavingthejungle.com\/wp-content\/uploads\/2025\/05\/cropped-Caving_the_jungle_logo-1.png\",\"contentUrl\":\"https:\/\/cavingthejungle.com\/wp-content\/uploads\/2025\/05\/cropped-Caving_the_jungle_logo-1.png\"},{\"@type\":\"BreadcrumbList\",\"@id\":\"https:\/\/cavingthejungle.com\/en\/about-me\/#breadcrumb\",\"itemListElement\":[{\"@type\":\"ListItem\",\"position\":1,\"name\":\"Portada\",\"item\":\"https:\/\/cavingthejungle.com\/\"},{\"@type\":\"ListItem\",\"position\":2,\"name\":\"ABOUT ME\"}]},{\"@type\":\"WebSite\",\"@id\":\"https:\/\/cavingthejungle.com\/#website\",\"url\":\"https:\/\/cavingthejungle.com\/\",\"name\":\"\",\"description\":\"\",\"potentialAction\":[{\"@type\":\"SearchAction\",\"target\":{\"@type\":\"EntryPoint\",\"urlTemplate\":\"https:\/\/cavingthejungle.com\/?s={search_term_string}\"},\"query-input\":{\"@type\":\"PropertyValueSpecification\",\"valueRequired\":true,\"valueName\":\"search_term_string\"}}],\"inLanguage\":\"es\"}]}<\/script>\n<!-- \/ Yoast SEO plugin. -->","yoast_head_json":{"title":"ABOUT ME -","robots":{"index":"index","follow":"follow","max-snippet":"max-snippet:-1","max-image-preview":"max-image-preview:large","max-video-preview":"max-video-preview:-1"},"canonical":"https:\/\/cavingthejungle.com\/es\/about-me\/","og_locale":"es_ES","og_type":"article","og_title":"ABOUT ME -","og_description":"ABOUT ME WORKING HARD. BECOMING BETTER My name is Borja Garc\u00eda, the head of Caving The Jungle, I strive to provide you with superior, personalized service. The reason for being is to see happy and satisfied divers. It means that I have done our job well. Since I founded Caving The Jungle, I have defined [&hellip;]","og_url":"https:\/\/cavingthejungle.com\/es\/about-me\/","article_modified_time":"2025-06-17T16:09:41+00:00","og_image":[{"width":512,"height":512,"url":"https:\/\/cavingthejungle.com\/wp-content\/uploads\/2025\/05\/cropped-Caving_the_jungle_logo-1.png","type":"image\/png"}],"twitter_card":"summary_large_image","twitter_misc":{"Tiempo de lectura":"4 minutos"},"schema":{"@context":"https:\/\/schema.org","@graph":[{"@type":"WebPage","@id":"https:\/\/cavingthejungle.com\/en\/about-me\/","url":"https:\/\/cavingthejungle.com\/en\/about-me\/","name":"ABOUT ME -","isPartOf":{"@id":"https:\/\/cavingthejungle.com\/#website"},"primaryImageOfPage":{"@id":"https:\/\/cavingthejungle.com\/en\/about-me\/#primaryimage"},"image":{"@id":"https:\/\/cavingthejungle.com\/en\/about-me\/#primaryimage"},"thumbnailUrl":"https:\/\/cavingthejungle.com\/wp-content\/uploads\/2025\/05\/cropped-Caving_the_jungle_logo-1.png","datePublished":"2025-03-19T08:33:40+00:00","dateModified":"2025-06-17T16:09:41+00:00","breadcrumb":{"@id":"https:\/\/cavingthejungle.com\/en\/about-me\/#breadcrumb"},"inLanguage":"es","potentialAction":[{"@type":"ReadAction","target":["https:\/\/cavingthejungle.com\/en\/about-me\/"]}]},{"@type":"ImageObject","inLanguage":"es","@id":"https:\/\/cavingthejungle.com\/en\/about-me\/#primaryimage","url":"https:\/\/cavingthejungle.com\/wp-content\/uploads\/2025\/05\/cropped-Caving_the_jungle_logo-1.png","contentUrl":"https:\/\/cavingthejungle.com\/wp-content\/uploads\/2025\/05\/cropped-Caving_the_jungle_logo-1.png"},{"@type":"BreadcrumbList","@id":"https:\/\/cavingthejungle.com\/en\/about-me\/#breadcrumb","itemListElement":[{"@type":"ListItem","position":1,"name":"Portada","item":"https:\/\/cavingthejungle.com\/"},{"@type":"ListItem","position":2,"name":"ABOUT ME"}]},{"@type":"WebSite","@id":"https:\/\/cavingthejungle.com\/#website","url":"https:\/\/cavingthejungle.com\/","name":"","description":"","potentialAction":[{"@type":"SearchAction","target":{"@type":"EntryPoint","urlTemplate":"https:\/\/cavingthejungle.com\/?s={search_term_string}"},"query-input":{"@type":"PropertyValueSpecification","valueRequired":true,"valueName":"search_term_string"}}],"inLanguage":"es"}]}},"_links":{"self":[{"href":"https:\/\/cavingthejungle.com\/es\/wp-json\/wp\/v2\/pages\/541","targetHints":{"allow":["GET"]}}],"collection":[{"href":"https:\/\/cavingthejungle.com\/es\/wp-json\/wp\/v2\/pages"}],"about":[{"href":"https:\/\/cavingthejungle.com\/es\/wp-json\/wp\/v2\/types\/page"}],"author":[{"embeddable":true,"href":"https:\/\/cavingthejungle.com\/es\/wp-json\/wp\/v2\/users\/2"}],"replies":[{"embeddable":true,"href":"https:\/\/cavingthejungle.com\/es\/wp-json\/wp\/v2\/comments?post=541"}],"version-history":[{"count":55,"href":"https:\/\/cavingthejungle.com\/es\/wp-json\/wp\/v2\/pages\/541\/revisions"}],"predecessor-version":[{"id":2268,"href":"https:\/\/cavingthejungle.com\/es\/wp-json\/wp\/v2\/pages\/541\/revisions\/2268"}],"wp:attachment":[{"href":"https:\/\/cavingthejungle.com\/es\/wp-json\/wp\/v2\/media?parent=541"}],"curies":[{"name":"wp","href":"https:\/\/api.w.org\/{rel}","templated":true}]}}