
{"id":7,"date":"2025-03-28T19:09:17","date_gmt":"2025-03-28T18:09:17","guid":{"rendered":"https:\/\/cavingthejungle.com\/?page_id=7"},"modified":"2025-06-17T18:10:32","modified_gmt":"2025-06-17T16:10:32","slug":"experiences","status":"publish","type":"page","link":"https:\/\/cavingthejungle.com\/es\/experiences\/","title":{"rendered":"EXPERIENCIAS"},"content":{"rendered":"<div data-elementor-type=\"wp-post\" data-elementor-id=\"7\" class=\"elementor elementor-7\" data-elementor-post-type=\"page\">\n\t\t\t\t<div class=\"elementor-element elementor-element-6fcf0a9 e-flex e-con-boxed e-con e-parent\" data-id=\"6fcf0a9\" data-element_type=\"container\" data-e-type=\"container\" data-settings=\"{&quot;background_background&quot;:&quot;classic&quot;}\">\n\t\t\t\t\t<div class=\"e-con-inner\">\n\t\t<div class=\"elementor-element elementor-element-93a1906 e-con-full e-flex e-con e-child\" data-id=\"93a1906\" data-element_type=\"container\" data-e-type=\"container\">\n\t\t\t\t<\/div>\n\t\t\t\t\t<\/div>\n\t\t\t\t<\/div>\n\t\t<div class=\"elementor-element elementor-element-2c93423 e-flex e-con-boxed e-con e-parent\" data-id=\"2c93423\" data-element_type=\"container\" data-e-type=\"container\">\n\t\t\t\t\t<div class=\"e-con-inner\">\n\t\t<div class=\"elementor-element elementor-element-30c343a e-con-full e-flex e-con e-child\" data-id=\"30c343a\" data-element_type=\"container\" data-e-type=\"container\">\n\t\t\t\t<div class=\"elementor-element elementor-element-b754091 elementor-widget elementor-widget-heading\" data-id=\"b754091\" data-element_type=\"widget\" data-e-type=\"widget\" data-widget_type=\"heading.default\">\n\t\t\t\t<div class=\"elementor-widget-container\">\n\t\t\t\t\t<h2 class=\"elementor-heading-title elementor-size-default\">EXPERIENCIAS<\/h2>\t\t\t\t<\/div>\n\t\t\t\t<\/div>\n\t\t\t\t<div class=\"elementor-element elementor-element-cc812bd elementor-widget-divider--view-line elementor-widget elementor-widget-divider\" data-id=\"cc812bd\" data-element_type=\"widget\" data-e-type=\"widget\" data-widget_type=\"divider.default\">\n\t\t\t\t<div class=\"elementor-widget-container\">\n\t\t\t\t\t\t\t<div class=\"elementor-divider\">\n\t\t\t<span class=\"elementor-divider-separator\">\n\t\t\t\t\t\t<\/span>\n\t\t<\/div>\n\t\t\t\t\t\t<\/div>\n\t\t\t\t<\/div>\n\t\t\t\t<div class=\"elementor-element elementor-element-81fdfb0 elementor-widget elementor-widget-text-editor\" data-id=\"81fdfb0\" data-element_type=\"widget\" data-e-type=\"widget\" data-widget_type=\"text-editor.default\">\n\t\t\t\t<div class=\"elementor-widget-container\">\n\t\t\t\t\t\t\t\t\t<p>LLEGAS COMO CLIENTE, TE VAS COMO AMIGO<\/p>\t\t\t\t\t\t\t\t<\/div>\n\t\t\t\t<\/div>\n\t\t\t\t<div class=\"elementor-element elementor-element-91bc3bf elementor-mobile-align-right elementor-fixed elementor-hidden-desktop elementor-hidden-tablet btn-circular-transparente elementor-widget elementor-widget-button\" data-id=\"91bc3bf\" data-element_type=\"widget\" data-e-type=\"widget\" data-settings=\"{&quot;_position&quot;:&quot;fixed&quot;}\" data-widget_type=\"button.default\">\n\t\t\t\t<div class=\"elementor-widget-container\">\n\t\t\t\t\t\t\t\t\t<div class=\"elementor-button-wrapper\">\n\t\t\t\t\t<a class=\"elementor-button elementor-button-link elementor-size-sm\" href=\"#top\">\n\t\t\t\t\t\t<span class=\"elementor-button-content-wrapper\">\n\t\t\t\t\t\t<span class=\"elementor-button-icon\">\n\t\t\t\t<svg aria-hidden=\"true\" class=\"e-font-icon-svg e-fas-arrow-up\" viewbox=\"0 0 448 512\" xmlns=\"http:\/\/www.w3.org\/2000\/svg\"><path d=\"M34.9 289.5l-22.2-22.2c-9.4-9.4-9.4-24.6 0-33.9L207 39c9.4-9.4 24.6-9.4 33.9 0l194.3 194.3c9.4 9.4 9.4 24.6 0 33.9L413 289.4c-9.5 9.5-25 9.3-34.3-.4L264 168.6V456c0 13.3-10.7 24-24 24h-32c-13.3 0-24-10.7-24-24V168.6L69.2 289.1c-9.3 9.8-24.8 10-34.3.4z\"><\/path><\/svg>\t\t\t<\/span>\n\t\t\t\t\t\t\t\t<\/span>\n\t\t\t\t\t<\/a>\n\t\t\t\t<\/div>\n\t\t\t\t\t\t\t\t<\/div>\n\t\t\t\t<\/div>\n\t\t\t\t<\/div>\n\t\t\t\t\t<\/div>\n\t\t\t\t<\/div>\n\t\t<div class=\"elementor-element elementor-element-167e9e4 e-con-full e-flex e-con e-child\" data-id=\"167e9e4\" data-element_type=\"container\" data-e-type=\"container\" data-settings=\"{&quot;background_background&quot;:&quot;classic&quot;}\">\n\t\t<div class=\"elementor-element elementor-element-2bf8ea8 e-con-full e-flex e-con e-child\" data-id=\"2bf8ea8\" data-element_type=\"container\" data-e-type=\"container\">\n\t\t\t\t<div class=\"elementor-element elementor-element-84d8eb7 elementor-absolute elementor-widget-divider--view-line elementor-widget elementor-widget-divider\" data-id=\"84d8eb7\" data-element_type=\"widget\" data-e-type=\"widget\" data-settings=\"{&quot;_position&quot;:&quot;absolute&quot;}\" data-widget_type=\"divider.default\">\n\t\t\t\t<div class=\"elementor-widget-container\">\n\t\t\t\t\t\t\t<div class=\"elementor-divider\">\n\t\t\t<span class=\"elementor-divider-separator\">\n\t\t\t\t\t\t<\/span>\n\t\t<\/div>\n\t\t\t\t\t\t<\/div>\n\t\t\t\t<\/div>\n\t\t\t\t<div class=\"elementor-element elementor-element-061b955 elementor-absolute elementor-widget elementor-widget-text-editor\" data-id=\"061b955\" data-element_type=\"widget\" data-e-type=\"widget\" data-settings=\"{&quot;_position&quot;:&quot;absolute&quot;}\" data-widget_type=\"text-editor.default\">\n\t\t\t\t<div class=\"elementor-widget-container\">\n\t\t\t\t\t\t\t\t\t<p>Despu\u00e9s de unos 10 a\u00f1os visitando las cuevas de M\u00e9xico, donde he tenido la oportunidad de visitar todo tipo de ellas, tuve la suerte de encontrar a Borja. Desde un punto de vista t\u00e9cnico y de conocimiento, destaca la pasi\u00f3n con la que comparte su buen trabajo, y el entusiasmo con el que enfrenta cada inmersi\u00f3n, siempre dispuesto a dar buenos consejos y a seguir evolucionando y aprendiendo. Es genial ver que hay personas con tanta pasi\u00f3n para seguir buceando, cartografiando, explorando, aprendiendo... Se adapta al nivel de buceo de su compa\u00f1ero y te muestra nuevos sitios, dentro del tipo de cueva que cada uno prefiere. Si en el agua y en las reuniones antes y despu\u00e9s de la inmersi\u00f3n es un lujo tenerlo, en los momentos en que puedes disfrutar de \u00e9l fuera del buceo, descubres a un t\u00edo fant\u00e1stico. Solo puedo agradecerle por unos d\u00edas maravillosos de cuevas y tacos. 100% recomendado para tener sus servicios.<\/p>\t\t\t\t\t\t\t\t<\/div>\n\t\t\t\t<\/div>\n\t\t\t\t<div class=\"elementor-element elementor-element-583f9fb elementor-absolute elementor-widget elementor-widget-heading\" data-id=\"583f9fb\" data-element_type=\"widget\" data-e-type=\"widget\" data-settings=\"{&quot;_position&quot;:&quot;absolute&quot;}\" data-widget_type=\"heading.default\">\n\t\t\t\t<div class=\"elementor-widget-container\">\n\t\t\t\t\t<h2 class=\"elementor-heading-title elementor-size-default\">ISAAC<\/h2>\t\t\t\t<\/div>\n\t\t\t\t<\/div>\n\t\t\t\t<\/div>\n\t\t\t\t<\/div>\n\t\t<div class=\"elementor-element elementor-element-0279eb8 e-con-full e-flex e-con e-child\" data-id=\"0279eb8\" data-element_type=\"container\" data-e-type=\"container\" data-settings=\"{&quot;background_background&quot;:&quot;classic&quot;}\">\n\t\t<div class=\"elementor-element elementor-element-66fab28 e-con-full e-flex e-con e-child\" data-id=\"66fab28\" data-element_type=\"container\" data-e-type=\"container\">\n\t\t\t\t<div class=\"elementor-element elementor-element-a705998 elementor-absolute elementor-widget-divider--view-line elementor-widget elementor-widget-divider\" data-id=\"a705998\" data-element_type=\"widget\" data-e-type=\"widget\" data-settings=\"{&quot;_position&quot;:&quot;absolute&quot;}\" data-widget_type=\"divider.default\">\n\t\t\t\t<div class=\"elementor-widget-container\">\n\t\t\t\t\t\t\t<div class=\"elementor-divider\">\n\t\t\t<span class=\"elementor-divider-separator\">\n\t\t\t\t\t\t<\/span>\n\t\t<\/div>\n\t\t\t\t\t\t<\/div>\n\t\t\t\t<\/div>\n\t\t\t\t<div class=\"elementor-element elementor-element-41f3810 elementor-absolute elementor-widget elementor-widget-text-editor\" data-id=\"41f3810\" data-element_type=\"widget\" data-e-type=\"widget\" data-settings=\"{&quot;_position&quot;:&quot;absolute&quot;}\" data-widget_type=\"text-editor.default\">\n\t\t\t\t<div class=\"elementor-widget-container\">\n\t\t\t\t\t\t\t\t\t<p>Borja me fue recomendado como gu\u00eda de buceo en Tulum y no podr\u00eda haber sido mejor, una experiencia de 10. Me llev\u00f3 a bucear en los mejores cenotes y cuevas de Tulum y Playa del Carmen. Organizaci\u00f3n y seguridad perfectas en cada inmersi\u00f3n, conoce las cuevas a la perfecci\u00f3n y te gu\u00eda a los mejores sitios. Fue flexible a la hora de hacer planes, un d\u00eda fuimos a bucear en cavernas con un amigo que no hace buceo en cuevas.<\/p>\t\t\t\t\t\t\t\t<\/div>\n\t\t\t\t<\/div>\n\t\t\t\t<div class=\"elementor-element elementor-element-89b658d elementor-absolute elementor-widget elementor-widget-heading\" data-id=\"89b658d\" data-element_type=\"widget\" data-e-type=\"widget\" data-settings=\"{&quot;_position&quot;:&quot;absolute&quot;}\" data-widget_type=\"heading.default\">\n\t\t\t\t<div class=\"elementor-widget-container\">\n\t\t\t\t\t<h2 class=\"elementor-heading-title elementor-size-default\">SANTI<\/h2>\t\t\t\t<\/div>\n\t\t\t\t<\/div>\n\t\t\t\t<\/div>\n\t\t\t\t<\/div>\n\t\t<div class=\"elementor-element elementor-element-7e00a99 e-con-full e-flex e-con e-child\" data-id=\"7e00a99\" data-element_type=\"container\" data-e-type=\"container\" data-settings=\"{&quot;background_background&quot;:&quot;classic&quot;}\">\n\t\t<div class=\"elementor-element elementor-element-5e45503 e-con-full e-flex e-con e-child\" data-id=\"5e45503\" data-element_type=\"container\" data-e-type=\"container\">\n\t\t\t\t<div class=\"elementor-element elementor-element-0921885 elementor-absolute elementor-widget-divider--view-line elementor-widget elementor-widget-divider\" data-id=\"0921885\" data-element_type=\"widget\" data-e-type=\"widget\" data-settings=\"{&quot;_position&quot;:&quot;absolute&quot;}\" data-widget_type=\"divider.default\">\n\t\t\t\t<div class=\"elementor-widget-container\">\n\t\t\t\t\t\t\t<div class=\"elementor-divider\">\n\t\t\t<span class=\"elementor-divider-separator\">\n\t\t\t\t\t\t<\/span>\n\t\t<\/div>\n\t\t\t\t\t\t<\/div>\n\t\t\t\t<\/div>\n\t\t\t\t<div class=\"elementor-element elementor-element-fa07115 elementor-absolute elementor-widget elementor-widget-text-editor\" data-id=\"fa07115\" data-element_type=\"widget\" data-e-type=\"widget\" data-settings=\"{&quot;_position&quot;:&quot;absolute&quot;}\" data-widget_type=\"text-editor.default\">\n\t\t\t\t<div class=\"elementor-widget-container\">\n\t\t\t\t\t\t\t\t\t<p>Ha sido la mejor experiencia de buceo que he tenido en Tulum. No podr\u00eda estar m\u00e1s feliz de haber encontrado a Borja, desde su organizaci\u00f3n, sus briefings, todas las inmersiones en cenotes que hicimos, c\u00f3mo conoce cada rinc\u00f3n de las cuevas y cavernas... Es un gran profesional dentro y fuera del agua.<\/p>\t\t\t\t\t\t\t\t<\/div>\n\t\t\t\t<\/div>\n\t\t\t\t<div class=\"elementor-element elementor-element-aac868b elementor-absolute elementor-widget elementor-widget-heading\" data-id=\"aac868b\" data-element_type=\"widget\" data-e-type=\"widget\" data-settings=\"{&quot;_position&quot;:&quot;absolute&quot;}\" data-widget_type=\"heading.default\">\n\t\t\t\t<div class=\"elementor-widget-container\">\n\t\t\t\t\t<h2 class=\"elementor-heading-title elementor-size-default\">MAWI<\/h2>\t\t\t\t<\/div>\n\t\t\t\t<\/div>\n\t\t\t\t<\/div>\n\t\t\t\t<\/div>\n\t\t<div class=\"elementor-element elementor-element-cbe8b94 e-con-full e-flex e-con e-child\" data-id=\"cbe8b94\" data-element_type=\"container\" data-e-type=\"container\" data-settings=\"{&quot;background_background&quot;:&quot;classic&quot;}\">\n\t\t<div class=\"elementor-element elementor-element-e309e7d e-con-full e-flex e-con e-child\" data-id=\"e309e7d\" data-element_type=\"container\" data-e-type=\"container\">\n\t\t\t\t<div class=\"elementor-element elementor-element-bab0bf2 elementor-absolute elementor-widget-divider--view-line elementor-widget elementor-widget-divider\" data-id=\"bab0bf2\" data-element_type=\"widget\" data-e-type=\"widget\" data-settings=\"{&quot;_position&quot;:&quot;absolute&quot;}\" data-widget_type=\"divider.default\">\n\t\t\t\t<div class=\"elementor-widget-container\">\n\t\t\t\t\t\t\t<div class=\"elementor-divider\">\n\t\t\t<span class=\"elementor-divider-separator\">\n\t\t\t\t\t\t<\/span>\n\t\t<\/div>\n\t\t\t\t\t\t<\/div>\n\t\t\t\t<\/div>\n\t\t\t\t<div class=\"elementor-element elementor-element-835913b elementor-absolute elementor-widget elementor-widget-text-editor\" data-id=\"835913b\" data-element_type=\"widget\" data-e-type=\"widget\" data-settings=\"{&quot;_position&quot;:&quot;absolute&quot;}\" data-widget_type=\"text-editor.default\">\n\t\t\t\t<div class=\"elementor-widget-container\">\n\t\t\t\t\t\t\t\t\t<p>Conoc\u00ed a Borja por primera vez en Cerde\u00f1a mientras entrenaba con Protec, y all\u00ed tuve la suerte de bucear en m\u00faltiples cuevas con \u00e9l, algunas de las cuales fueron las inmersiones en cuevas m\u00e1s memorables que he realizado. \u00c9l fue m\u00e1s all\u00e1 de lo b\u00e1sico y del m\u00ednimo esperado para brindarme una experiencia incre\u00edble, y pudimos bucear en un sistema poco explorado llamado Masse due y en la nueva secci\u00f3n de Cala Luna, reservados solo para buenos buzos. Su experiencia y conocimiento se notaron incluso antes de que nos sumergi\u00e9ramos en el agua. He realizado algunas inmersiones en cuevas t\u00e9cnicas con \u00e9l y no podr\u00eda haber estado m\u00e1s feliz de tenerlo a mi lado en esos sistemas. Buceamos juntos en Espa\u00f1a, y \u00e9l me gui\u00f3 a trav\u00e9s del sistema de la cueva del agua. No dudar\u00eda en bucear con \u00e9l tanto en un contexto profesional como amistoso, en una industria llena de ego, Borja es un verdadero soplo de aire fresco. Llamar a este hombre amigo es un placer.\n\nSi est\u00e1s buscando gu\u00edas, entrenamiento, conocimiento, inmersiones de nivel b\u00e1sico o inmersiones t\u00e9cnicas, no puedo recomendarlo lo suficiente.<\/p><p>If you are looking for guiding , training , knowledge , entry level dives or technical dives I cannot recommend him enough<\/p>\t\t\t\t\t\t\t\t<\/div>\n\t\t\t\t<\/div>\n\t\t\t\t<div class=\"elementor-element elementor-element-ad2b512 elementor-absolute elementor-widget elementor-widget-heading\" data-id=\"ad2b512\" data-element_type=\"widget\" data-e-type=\"widget\" data-settings=\"{&quot;_position&quot;:&quot;absolute&quot;}\" data-widget_type=\"heading.default\">\n\t\t\t\t<div class=\"elementor-widget-container\">\n\t\t\t\t\t<h2 class=\"elementor-heading-title elementor-size-default\">BENJAMIN<\/h2>\t\t\t\t<\/div>\n\t\t\t\t<\/div>\n\t\t\t\t<\/div>\n\t\t\t\t<\/div>\n\t\t\t\t<\/div>","protected":false},"excerpt":{"rendered":"<p>EXPERIENCES ARRIVING AS CUSTOMERS, LEAVING AS FRIENDS! After about 10 years visiting the caves of Mexico, where I have been able to visit all kinds of them, I have been lucky to find Borja. From a technical and knowledge point of view, the passion with which he shares his good work stands out, and the [&hellip;]<\/p>\n","protected":false},"author":2,"featured_media":0,"parent":0,"menu_order":0,"comment_status":"closed","ping_status":"closed","template":"","meta":{"site-sidebar-layout":"no-sidebar","site-content-layout":"page-builder","ast-site-content-layout":"full-width-container","site-content-style":"unboxed","site-sidebar-style":"unboxed","ast-global-header-display":"","ast-banner-title-visibility":"","ast-main-header-display":"","ast-hfb-above-header-display":"","ast-hfb-below-header-display":"","ast-hfb-mobile-header-display":"","site-post-title":"disabled","ast-breadcrumbs-content":"","ast-featured-img":"disabled","footer-sml-layout":"","ast-disable-related-posts":"","theme-transparent-header-meta":"","adv-header-id-meta":"","stick-header-meta":"","header-above-stick-meta":"","header-main-stick-meta":"","header-below-stick-meta":"","astra-migrate-meta-layouts":"set","ast-page-background-enabled":"default","ast-page-background-meta":{"desktop":{"background-color":"","background-image":"","background-repeat":"repeat","background-position":"center center","background-size":"auto","background-attachment":"scroll","background-type":"","background-media":"","overlay-type":"","overlay-color":"","overlay-opacity":"","overlay-gradient":""},"tablet":{"background-color":"","background-image":"","background-repeat":"repeat","background-position":"center center","background-size":"auto","background-attachment":"scroll","background-type":"","background-media":"","overlay-type":"","overlay-color":"","overlay-opacity":"","overlay-gradient":""},"mobile":{"background-color":"","background-image":"","background-repeat":"repeat","background-position":"center center","background-size":"auto","background-attachment":"scroll","background-type":"","background-media":"","overlay-type":"","overlay-color":"","overlay-opacity":"","overlay-gradient":""}},"ast-content-background-meta":{"desktop":{"background-color":"var(--ast-global-color-5)","background-image":"","background-repeat":"repeat","background-position":"center center","background-size":"auto","background-attachment":"scroll","background-type":"","background-media":"","overlay-type":"","overlay-color":"","overlay-opacity":"","overlay-gradient":""},"tablet":{"background-color":"var(--ast-global-color-5)","background-image":"","background-repeat":"repeat","background-position":"center center","background-size":"auto","background-attachment":"scroll","background-type":"","background-media":"","overlay-type":"","overlay-color":"","overlay-opacity":"","overlay-gradient":""},"mobile":{"background-color":"var(--ast-global-color-5)","background-image":"","background-repeat":"repeat","background-position":"center center","background-size":"auto","background-attachment":"scroll","background-type":"","background-media":"","overlay-type":"","overlay-color":"","overlay-opacity":"","overlay-gradient":""}},"footnotes":""},"class_list":["post-7","page","type-page","status-publish","hentry"],"yoast_head":"<!-- This site is optimized with the Yoast SEO plugin v25.6 - https:\/\/yoast.com\/wordpress\/plugins\/seo\/ -->\n<title>EXPERIENCES -<\/title>\n<meta name=\"robots\" content=\"index, follow, max-snippet:-1, max-image-preview:large, max-video-preview:-1\" \/>\n<link rel=\"canonical\" href=\"https:\/\/cavingthejungle.com\/es\/experiences\/\" \/>\n<meta property=\"og:locale\" content=\"es_ES\" \/>\n<meta property=\"og:type\" content=\"article\" \/>\n<meta property=\"og:title\" content=\"EXPERIENCES -\" \/>\n<meta property=\"og:description\" content=\"EXPERIENCES ARRIVING AS CUSTOMERS, LEAVING AS FRIENDS! After about 10 years visiting the caves of Mexico, where I have been able to visit all kinds of them, I have been lucky to find Borja. From a technical and knowledge point of view, the passion with which he shares his good work stands out, and the [&hellip;]\" \/>\n<meta property=\"og:url\" content=\"https:\/\/cavingthejungle.com\/es\/experiences\/\" \/>\n<meta property=\"article:modified_time\" content=\"2025-06-17T16:10:32+00:00\" \/>\n<meta name=\"twitter:card\" content=\"summary_large_image\" \/>\n<meta name=\"twitter:label1\" content=\"Tiempo de lectura\" \/>\n\t<meta name=\"twitter:data1\" content=\"3 minutos\" \/>\n<script type=\"application\/ld+json\" class=\"yoast-schema-graph\">{\"@context\":\"https:\/\/schema.org\",\"@graph\":[{\"@type\":\"WebPage\",\"@id\":\"https:\/\/cavingthejungle.com\/en\/experiences\/\",\"url\":\"https:\/\/cavingthejungle.com\/en\/experiences\/\",\"name\":\"EXPERIENCES -\",\"isPartOf\":{\"@id\":\"https:\/\/cavingthejungle.com\/#website\"},\"datePublished\":\"2025-03-28T18:09:17+00:00\",\"dateModified\":\"2025-06-17T16:10:32+00:00\",\"breadcrumb\":{\"@id\":\"https:\/\/cavingthejungle.com\/en\/experiences\/#breadcrumb\"},\"inLanguage\":\"es\",\"potentialAction\":[{\"@type\":\"ReadAction\",\"target\":[\"https:\/\/cavingthejungle.com\/en\/experiences\/\"]}]},{\"@type\":\"BreadcrumbList\",\"@id\":\"https:\/\/cavingthejungle.com\/en\/experiences\/#breadcrumb\",\"itemListElement\":[{\"@type\":\"ListItem\",\"position\":1,\"name\":\"Portada\",\"item\":\"https:\/\/cavingthejungle.com\/\"},{\"@type\":\"ListItem\",\"position\":2,\"name\":\"EXPERIENCES\"}]},{\"@type\":\"WebSite\",\"@id\":\"https:\/\/cavingthejungle.com\/#website\",\"url\":\"https:\/\/cavingthejungle.com\/\",\"name\":\"\",\"description\":\"\",\"potentialAction\":[{\"@type\":\"SearchAction\",\"target\":{\"@type\":\"EntryPoint\",\"urlTemplate\":\"https:\/\/cavingthejungle.com\/?s={search_term_string}\"},\"query-input\":{\"@type\":\"PropertyValueSpecification\",\"valueRequired\":true,\"valueName\":\"search_term_string\"}}],\"inLanguage\":\"es\"}]}<\/script>\n<!-- \/ Yoast SEO plugin. -->","yoast_head_json":{"title":"EXPERIENCES -","robots":{"index":"index","follow":"follow","max-snippet":"max-snippet:-1","max-image-preview":"max-image-preview:large","max-video-preview":"max-video-preview:-1"},"canonical":"https:\/\/cavingthejungle.com\/es\/experiences\/","og_locale":"es_ES","og_type":"article","og_title":"EXPERIENCES -","og_description":"EXPERIENCES ARRIVING AS CUSTOMERS, LEAVING AS FRIENDS! After about 10 years visiting the caves of Mexico, where I have been able to visit all kinds of them, I have been lucky to find Borja. From a technical and knowledge point of view, the passion with which he shares his good work stands out, and the [&hellip;]","og_url":"https:\/\/cavingthejungle.com\/es\/experiences\/","article_modified_time":"2025-06-17T16:10:32+00:00","twitter_card":"summary_large_image","twitter_misc":{"Tiempo de lectura":"3 minutos"},"schema":{"@context":"https:\/\/schema.org","@graph":[{"@type":"WebPage","@id":"https:\/\/cavingthejungle.com\/en\/experiences\/","url":"https:\/\/cavingthejungle.com\/en\/experiences\/","name":"EXPERIENCES -","isPartOf":{"@id":"https:\/\/cavingthejungle.com\/#website"},"datePublished":"2025-03-28T18:09:17+00:00","dateModified":"2025-06-17T16:10:32+00:00","breadcrumb":{"@id":"https:\/\/cavingthejungle.com\/en\/experiences\/#breadcrumb"},"inLanguage":"es","potentialAction":[{"@type":"ReadAction","target":["https:\/\/cavingthejungle.com\/en\/experiences\/"]}]},{"@type":"BreadcrumbList","@id":"https:\/\/cavingthejungle.com\/en\/experiences\/#breadcrumb","itemListElement":[{"@type":"ListItem","position":1,"name":"Portada","item":"https:\/\/cavingthejungle.com\/"},{"@type":"ListItem","position":2,"name":"EXPERIENCES"}]},{"@type":"WebSite","@id":"https:\/\/cavingthejungle.com\/#website","url":"https:\/\/cavingthejungle.com\/","name":"","description":"","potentialAction":[{"@type":"SearchAction","target":{"@type":"EntryPoint","urlTemplate":"https:\/\/cavingthejungle.com\/?s={search_term_string}"},"query-input":{"@type":"PropertyValueSpecification","valueRequired":true,"valueName":"search_term_string"}}],"inLanguage":"es"}]}},"_links":{"self":[{"href":"https:\/\/cavingthejungle.com\/es\/wp-json\/wp\/v2\/pages\/7","targetHints":{"allow":["GET"]}}],"collection":[{"href":"https:\/\/cavingthejungle.com\/es\/wp-json\/wp\/v2\/pages"}],"about":[{"href":"https:\/\/cavingthejungle.com\/es\/wp-json\/wp\/v2\/types\/page"}],"author":[{"embeddable":true,"href":"https:\/\/cavingthejungle.com\/es\/wp-json\/wp\/v2\/users\/2"}],"replies":[{"embeddable":true,"href":"https:\/\/cavingthejungle.com\/es\/wp-json\/wp\/v2\/comments?post=7"}],"version-history":[{"count":27,"href":"https:\/\/cavingthejungle.com\/es\/wp-json\/wp\/v2\/pages\/7\/revisions"}],"predecessor-version":[{"id":2274,"href":"https:\/\/cavingthejungle.com\/es\/wp-json\/wp\/v2\/pages\/7\/revisions\/2274"}],"wp:attachment":[{"href":"https:\/\/cavingthejungle.com\/es\/wp-json\/wp\/v2\/media?parent=7"}],"curies":[{"name":"wp","href":"https:\/\/api.w.org\/{rel}","templated":true}]}}